{"id":27407,"date":"2017-04-13T20:48:11","date_gmt":"2017-04-13T18:48:11","guid":{"rendered":"https:\/\/leoboeck.com\/producto\/salchicha-cervela\/"},"modified":"2024-10-22T11:58:53","modified_gmt":"2024-10-22T09:58:53","slug":"salchicha-cervela","status":"publish","type":"product","link":"https:\/\/leoboeck.explotacionweb.es\/ca\/producto\/salchicha-cervela\/","title":{"rendered":"Salsitxa<br>Cervela"},"content":{"rendered":"<p>La salsitxa cervela de Leo Boeck, s&#8217;elabora amb la mateixa massa que el Frankfurt, embotida en tripa natural de porc, que li dona un major calibre i fumada amb fusta de faig. La Cervela \u00e9s m\u00e9s curta i m\u00e9s gruixuda que les salsitxes de Frankfurt de Leo Boeck, est\u00e0 inspirada en els embotits propis de la regi\u00f3 d&#8217;Als\u00e0cia.<\/p>\n","protected":false},"excerpt":{"rendered":"<h4>Salsitxa cuita i fumada.<\/h4>\n<ul>\n<li>Carn 100% de porc<\/li>\n<li>Tripa natural de porc<\/li>\n<li>Fumat natural amb fusta de faig<\/li>\n<li>Esp\u00e8cies naturals<\/li>\n<li>Sense glutamat, sense espessadors i sense gluten<\/li>\n<li>Paquet al buit de 2 unitats. Pes Net 260 gr.<\/li>\n<\/ul>\n","protected":false},"featured_media":32850,"comment_status":"closed","ping_status":"closed","template":"","meta":{"_acf_changed":false,"wds_primary_product_brand":0,"wds_primary_product_cat":0},"product_brand":[],"product_cat":[238],"product_tag":[242,241,240],"class_list":{"0":"post-27407","1":"product","2":"type-product","3":"status-publish","4":"has-post-thumbnail","6":"product_cat-cocidos-ca","7":"product_tag-bano-maria-ca","8":"product_tag-cocido-ca","9":"product_tag-grillplancha-ca","10":"pa_tipologia-salsitxes","12":"first","13":"instock","14":"taxable","15":"shipping-taxable","16":"purchasable","17":"product-type-simple"},"acf":[],"_links":{"self":[{"href":"https:\/\/leoboeck.explotacionweb.es\/ca\/wp-json\/wp\/v2\/product\/27407","targetHints":{"allow":["GET"]}}],"collection":[{"href":"https:\/\/leoboeck.explotacionweb.es\/ca\/wp-json\/wp\/v2\/product"}],"about":[{"href":"https:\/\/leoboeck.explotacionweb.es\/ca\/wp-json\/wp\/v2\/types\/product"}],"replies":[{"embeddable":true,"href":"https:\/\/leoboeck.explotacionweb.es\/ca\/wp-json\/wp\/v2\/comments?post=27407"}],"wp:featuredmedia":[{"embeddable":true,"href":"https:\/\/leoboeck.explotacionweb.es\/ca\/wp-json\/wp\/v2\/media\/32850"}],"wp:attachment":[{"href":"https:\/\/leoboeck.explotacionweb.es\/ca\/wp-json\/wp\/v2\/media?parent=27407"}],"wp:term":[{"taxonomy":"product_brand","embeddable":true,"href":"https:\/\/leoboeck.explotacionweb.es\/ca\/wp-json\/wp\/v2\/product_brand?post=27407"},{"taxonomy":"product_cat","embeddable":true,"href":"https:\/\/leoboeck.explotacionweb.es\/ca\/wp-json\/wp\/v2\/product_cat?post=27407"},{"taxonomy":"product_tag","embeddable":true,"href":"https:\/\/leoboeck.explotacionweb.es\/ca\/wp-json\/wp\/v2\/product_tag?post=27407"}],"curies":[{"name":"wp","href":"https:\/\/api.w.org\/{rel}","templated":true}]}}