{"id":27451,"date":"2017-04-13T21:15:31","date_gmt":"2017-04-13T19:15:31","guid":{"rendered":"https:\/\/leoboeck.com\/producto\/salchicha-malaguena\/"},"modified":"2024-10-22T11:58:35","modified_gmt":"2024-10-22T09:58:35","slug":"salchicha-malaguena","status":"publish","type":"product","link":"https:\/\/leoboeck.explotacionweb.es\/ca\/producto\/salchicha-malaguena\/","title":{"rendered":"Salsitxa<br>Malaguenya"},"content":{"rendered":"<p>La T\u00edpica Salsitxa Malague\u00f1a Leo Boeck, \u00e9s una botifarra de sang de porc, amb esp\u00e8cies seleccionades i embotida en tripa natural de porc. Semblant a una butufarra negra i a una &#8220;morcilla&#8221;.<\/p>\n<p>Envasa al buit.<\/p>\n","protected":false},"excerpt":{"rendered":"<h4>Embotit escaldat<\/h4>\n<ul>\n<li>Botifarra negra amb ceba<\/li>\n<li>Carn 100% de porc.<\/li>\n<li>Tripa natural de porc.<\/li>\n<li>Salsitxa t\u00edpica de Malaga, coneguda tamb\u00e9 com a &#8220;morcilla&#8221;, o botifarra negra.<\/li>\n<li>Paquet de 2 unitats. Pes Net de 240 gr.<\/li>\n<\/ul>\n","protected":false},"featured_media":32858,"comment_status":"closed","ping_status":"closed","template":"","meta":{"_acf_changed":false,"wds_primary_product_brand":0,"wds_primary_product_cat":0},"product_brand":[],"product_cat":[238],"product_tag":[240],"class_list":{"0":"post-27451","1":"product","2":"type-product","3":"status-publish","4":"has-post-thumbnail","6":"product_cat-cocidos-ca","7":"product_tag-grillplancha-ca","8":"pa_tipologia-salsitxes","10":"first","11":"instock","12":"taxable","13":"shipping-taxable","14":"purchasable","15":"product-type-simple"},"acf":[],"_links":{"self":[{"href":"https:\/\/leoboeck.explotacionweb.es\/ca\/wp-json\/wp\/v2\/product\/27451","targetHints":{"allow":["GET"]}}],"collection":[{"href":"https:\/\/leoboeck.explotacionweb.es\/ca\/wp-json\/wp\/v2\/product"}],"about":[{"href":"https:\/\/leoboeck.explotacionweb.es\/ca\/wp-json\/wp\/v2\/types\/product"}],"replies":[{"embeddable":true,"href":"https:\/\/leoboeck.explotacionweb.es\/ca\/wp-json\/wp\/v2\/comments?post=27451"}],"wp:featuredmedia":[{"embeddable":true,"href":"https:\/\/leoboeck.explotacionweb.es\/ca\/wp-json\/wp\/v2\/media\/32858"}],"wp:attachment":[{"href":"https:\/\/leoboeck.explotacionweb.es\/ca\/wp-json\/wp\/v2\/media?parent=27451"}],"wp:term":[{"taxonomy":"product_brand","embeddable":true,"href":"https:\/\/leoboeck.explotacionweb.es\/ca\/wp-json\/wp\/v2\/product_brand?post=27451"},{"taxonomy":"product_cat","embeddable":true,"href":"https:\/\/leoboeck.explotacionweb.es\/ca\/wp-json\/wp\/v2\/product_cat?post=27451"},{"taxonomy":"product_tag","embeddable":true,"href":"https:\/\/leoboeck.explotacionweb.es\/ca\/wp-json\/wp\/v2\/product_tag?post=27451"}],"curies":[{"name":"wp","href":"https:\/\/api.w.org\/{rel}","templated":true}]}}