{"id":27474,"date":"2017-04-13T20:55:52","date_gmt":"2017-04-13T18:55:52","guid":{"rendered":"https:\/\/leoboeck.com\/producto\/salchicha-pickantwurst\/"},"modified":"2024-10-22T11:58:47","modified_gmt":"2024-10-22T09:58:47","slug":"salchicha-pickantwurst","status":"publish","type":"product","link":"https:\/\/leoboeck.explotacionweb.es\/ca\/producto\/salchicha-pickantwurst\/","title":{"rendered":"Salsitxa<br>Pikantwurst"},"content":{"rendered":"<p>La salsitxa Pikantwurst de Leo Boeck, \u00e9s semblant a la de frankfurt, per\u00f2 elaborada amb altres esp\u00e8cies que li donen un toc picant. Elaborada amb carn 100% de porc, embotida en tripa natural de xai i fumada amb fusta de faig, seguint els est\u00e0ndards de qualitat de Leo Boeck. Si t&#8217;agrada el picant has de tastar-la.<\/p>\n<p>Paquet al buit.<\/p>\n","protected":false},"excerpt":{"rendered":"<h4>Salsitxa cuita i fumada.<\/h4>\n<ul>\n<li>Carn 100% de porc.<\/li>\n<li>Tripa natural de xai.<\/li>\n<li>Fumat natural amb fusta de faig.<\/li>\n<li>Similar al Frankfurt amb un toc picant.<\/li>\n<li>Sense glutamat, sense espessadors i sense gluten.<\/li>\n<li>Paquet al buit amb 2 unitats. Pes Net: 160 gr.<\/li>\n<\/ul>\n","protected":false},"featured_media":32879,"comment_status":"closed","ping_status":"closed","template":"","meta":{"_acf_changed":false,"wds_primary_product_brand":0,"wds_primary_product_cat":0},"product_brand":[],"product_cat":[238],"product_tag":[242,241,240,243],"class_list":{"0":"post-27474","1":"product","2":"type-product","3":"status-publish","4":"has-post-thumbnail","6":"product_cat-cocidos-ca","7":"product_tag-bano-maria-ca","8":"product_tag-cocido-ca","9":"product_tag-grillplancha-ca","10":"product_tag-mostaza-ca","11":"pa_tipologia-salsitxes","13":"first","14":"instock","15":"taxable","16":"shipping-taxable","17":"purchasable","18":"product-type-simple"},"acf":[],"_links":{"self":[{"href":"https:\/\/leoboeck.explotacionweb.es\/ca\/wp-json\/wp\/v2\/product\/27474","targetHints":{"allow":["GET"]}}],"collection":[{"href":"https:\/\/leoboeck.explotacionweb.es\/ca\/wp-json\/wp\/v2\/product"}],"about":[{"href":"https:\/\/leoboeck.explotacionweb.es\/ca\/wp-json\/wp\/v2\/types\/product"}],"replies":[{"embeddable":true,"href":"https:\/\/leoboeck.explotacionweb.es\/ca\/wp-json\/wp\/v2\/comments?post=27474"}],"wp:featuredmedia":[{"embeddable":true,"href":"https:\/\/leoboeck.explotacionweb.es\/ca\/wp-json\/wp\/v2\/media\/32879"}],"wp:attachment":[{"href":"https:\/\/leoboeck.explotacionweb.es\/ca\/wp-json\/wp\/v2\/media?parent=27474"}],"wp:term":[{"taxonomy":"product_brand","embeddable":true,"href":"https:\/\/leoboeck.explotacionweb.es\/ca\/wp-json\/wp\/v2\/product_brand?post=27474"},{"taxonomy":"product_cat","embeddable":true,"href":"https:\/\/leoboeck.explotacionweb.es\/ca\/wp-json\/wp\/v2\/product_cat?post=27474"},{"taxonomy":"product_tag","embeddable":true,"href":"https:\/\/leoboeck.explotacionweb.es\/ca\/wp-json\/wp\/v2\/product_tag?post=27474"}],"curies":[{"name":"wp","href":"https:\/\/api.w.org\/{rel}","templated":true}]}}