{"id":41884,"date":"2025-09-17T09:27:08","date_gmt":"2025-09-17T07:27:08","guid":{"rendered":"https:\/\/leoboeck.com\/?post_type=product&#038;p=41884"},"modified":"2025-09-17T09:27:08","modified_gmt":"2025-09-17T07:27:08","slug":"butifarra-de-calcots","status":"publish","type":"product","link":"https:\/\/leoboeck.explotacionweb.es\/ca\/producto\/butifarra-de-calcots\/","title":{"rendered":"Butifarra de cal\u00e7ots"},"content":{"rendered":"<p>La Butifarra es la salchicha t\u00edpica catalana, reimaginada con otro ingrediente clave de la gastronom\u00eda catalana. Elaborada con carne 100% de cerdo, embutida en tripa natural de cerdo con sal y pimienta, con un delicioso toque de cal\u00e7ots. Es un Producto sin gluten.<\/p>\n<p>Envasado al vac\u00edo.<\/p>\n","protected":false},"excerpt":{"rendered":"<h4>Embutido crudo<\/h4>\n<ul>\n<li>Carne 100% de cerdo<\/li>\n<li>Tripa natural de cerdo<\/li>\n<li>Condimento tradicional catal\u00e1n (Sal y pimienta), y cal\u00e7ots.<\/li>\n<li>Envasada al vac\u00edo en paquete de 2 unidades. Peso Neto 240 gr.<\/li>\n<\/ul>\n","protected":false},"featured_media":41885,"comment_status":"closed","ping_status":"closed","template":"","meta":{"_acf_changed":false,"wds_primary_product_brand":0,"wds_primary_product_cat":0},"product_brand":[],"product_cat":[177],"product_tag":[127],"class_list":{"0":"post-41884","1":"product","2":"type-product","3":"status-publish","4":"has-post-thumbnail","6":"product_cat-frescos","7":"product_tag-grillplancha","9":"first","10":"instock","11":"taxable","12":"shipping-taxable","13":"purchasable","14":"product-type-simple"},"acf":[],"_links":{"self":[{"href":"https:\/\/leoboeck.explotacionweb.es\/ca\/wp-json\/wp\/v2\/product\/41884","targetHints":{"allow":["GET"]}}],"collection":[{"href":"https:\/\/leoboeck.explotacionweb.es\/ca\/wp-json\/wp\/v2\/product"}],"about":[{"href":"https:\/\/leoboeck.explotacionweb.es\/ca\/wp-json\/wp\/v2\/types\/product"}],"replies":[{"embeddable":true,"href":"https:\/\/leoboeck.explotacionweb.es\/ca\/wp-json\/wp\/v2\/comments?post=41884"}],"wp:featuredmedia":[{"embeddable":true,"href":"https:\/\/leoboeck.explotacionweb.es\/ca\/wp-json\/wp\/v2\/media\/41885"}],"wp:attachment":[{"href":"https:\/\/leoboeck.explotacionweb.es\/ca\/wp-json\/wp\/v2\/media?parent=41884"}],"wp:term":[{"taxonomy":"product_brand","embeddable":true,"href":"https:\/\/leoboeck.explotacionweb.es\/ca\/wp-json\/wp\/v2\/product_brand?post=41884"},{"taxonomy":"product_cat","embeddable":true,"href":"https:\/\/leoboeck.explotacionweb.es\/ca\/wp-json\/wp\/v2\/product_cat?post=41884"},{"taxonomy":"product_tag","embeddable":true,"href":"https:\/\/leoboeck.explotacionweb.es\/ca\/wp-json\/wp\/v2\/product_tag?post=41884"}],"curies":[{"name":"wp","href":"https:\/\/api.w.org\/{rel}","templated":true}]}}